{"id":16,"date":"2014-05-15T22:31:34","date_gmt":"2014-05-15T20:31:34","guid":{"rendered":"http:\/\/fewo.ff-nesse.de\/?page_id=16"},"modified":"2015-03-18T18:47:33","modified_gmt":"2015-03-18T16:47:33","slug":"in-der-naehe","status":"publish","type":"page","link":"https:\/\/fewo-weikert-hage.de\/?page_id=16","title":{"rendered":"In der N\u00e4he&#8230;"},"content":{"rendered":"<p>Gut ausgestattete Ferienwohnung im 1. OG in ruhiger Wohnlage von Hage. Nur wenige Gehminuten vom Ortskern entfernt.<\/p>\n<p>Zudem gibt es die M\u00f6glichkeit bei der Paddel- und Pedalstation in Hage eine Bootstour oder an der Bahnhaltestelle mit der Museumseisenbahn nach Dornum oder Norden eine Bahnfahrt zu unternehmen.<\/p>\n<p>Jeden Mittwoch findet auf dem nicht weit entfernten Marktplatz ein Wochenmarkt statt.<\/p>\n<p>Im Ortsteil Berum finden sie das Kurzentrum Berum mit\u00a0 Kurpark usw.<br \/>\nN\u00e4here Informationen finden sie <a title=\"Kurzentrum Berum\" href=\"http:\/\/www.stoertebekerland.de\/themen-tipps\/wellness-gesundheit-kurzentrum\/kurzentrum-hage.html\" target=\"_blank\">HIER<\/a>.<\/p>\n<p>Ca. 4 Kilometer Richtung Westen finden sie die <a href=\"http:\/\/www.norden.de\">Stadt Norden<\/a> mit Anbindung an den Nah- und Fernverkehr der Deutschen Bahn.<\/p>\n<p>Auch hier gibt es eine gro\u00dfe Auswahl an Bekleidungsgesch\u00e4ften, Verbraucherm\u00e4rkten, Einkaufszentren, Restaurants usw.<\/p>\n<p>Das Nordseebad Norddeich mit u.a. Meerwasser Wellenbad &#8222;<a href=\"http:\/\/www.ocean-wave.de\/\">Oceanwave<\/a>\u00b4\u00b4, Eventbadestrand , Seehundaufzuchtsstation\u00a0 und dem F\u00e4hrverkehr zu den <a href=\"http:\/\/www.reederei-frisia.de\/\">Ostfrisischen Inseln<\/a>.<\/p>\n<p>Desweiteren befinden sich dem Fischerort\u00a0 <a href=\"http:\/\/www.greetsiel.de\">Greetsiel<\/a> mit seinem alten Fischereihafen und <a href=\"http:\/\/www.Dornum.de\">Dornum<\/a> mit einem barocken Wasserschloss in unmittelbahrer N\u00e4he.<\/p>\n<p><strong>Wir w\u00fcnschen ihnen viel Spa\u00df beim Erkunden der Umgebung.<\/strong><\/p>\n","protected":false},"excerpt":{"rendered":"<p>Gut ausgestattete Ferienwohnung im 1. OG in ruhiger Wohnlage von Hage. Nur wenige Gehminuten vom Ortskern entfernt. Zudem gibt es die M\u00f6glichkeit bei der Paddel- und Pedalstation in Hage eine Bootstour oder an der Bahnhaltestelle mit der Museumseisenbahn nach Dornum oder Norden eine Bahnfahrt zu unternehmen. Jeden Mittwoch findet auf dem nicht weit entfernten Marktplatz [&hellip;]<\/p>\n","protected":false},"author":1,"featured_media":0,"parent":0,"menu_order":3,"comment_status":"closed","ping_status":"closed","template":"full-width-page.php","meta":{"footnotes":""},"class_list":["post-16","page","type-page","status-publish","hentry"],"_links":{"self":[{"href":"https:\/\/fewo-weikert-hage.de\/index.php?rest_route=\/wp\/v2\/pages\/16","targetHints":{"allow":["GET"]}}],"collection":[{"href":"https:\/\/fewo-weikert-hage.de\/index.php?rest_route=\/wp\/v2\/pages"}],"about":[{"href":"https:\/\/fewo-weikert-hage.de\/index.php?rest_route=\/wp\/v2\/types\/page"}],"author":[{"embeddable":true,"href":"https:\/\/fewo-weikert-hage.de\/index.php?rest_route=\/wp\/v2\/users\/1"}],"replies":[{"embeddable":true,"href":"https:\/\/fewo-weikert-hage.de\/index.php?rest_route=%2Fwp%2Fv2%2Fcomments&post=16"}],"version-history":[{"count":10,"href":"https:\/\/fewo-weikert-hage.de\/index.php?rest_route=\/wp\/v2\/pages\/16\/revisions"}],"predecessor-version":[{"id":197,"href":"https:\/\/fewo-weikert-hage.de\/index.php?rest_route=\/wp\/v2\/pages\/16\/revisions\/197"}],"wp:attachment":[{"href":"https:\/\/fewo-weikert-hage.de\/index.php?rest_route=%2Fwp%2Fv2%2Fmedia&parent=16"}],"curies":[{"name":"wp","href":"https:\/\/api.w.org\/{rel}","templated":true}]}}